{"id":1189,"date":"2024-06-19T06:43:47","date_gmt":"2024-06-19T06:43:47","guid":{"rendered":"https:\/\/xalgroup.com\/?page_id=1189"},"modified":"2025-11-28T06:43:08","modified_gmt":"2025-11-28T06:43:08","slug":"compliance","status":"publish","type":"page","link":"https:\/\/xalgroup.com\/de\/compliance\/","title":{"rendered":"Compliance"},"content":{"rendered":"","protected":false},"excerpt":{"rendered":"","protected":false},"author":2,"featured_media":0,"parent":0,"menu_order":0,"comment_status":"closed","ping_status":"closed","template":"","meta":{"footnotes":""},"class_list":["post-1189","page","type-page","status-publish","hentry"],"acf":[],"yoast_head":"<!-- This site is optimized with the Yoast SEO plugin v26.0 - https:\/\/yoast.com\/wordpress\/plugins\/seo\/ -->\n<title>Compliance - XAL Group<\/title>\n<meta name=\"description\" content=\"Unser Einsatz f\u00fcr Fairness und ethisches Handeln. Erfahren Sie mehr \u00fcber Transparenz, Integrit\u00e4t und Fairness in der XAL Group.\" \/>\n<meta name=\"robots\" content=\"index, follow, max-snippet:-1, max-image-preview:large, max-video-preview:-1\" \/>\n<link rel=\"canonical\" href=\"https:\/\/xalgroup.com\/de\/compliance\/\" \/>\n<meta property=\"og:locale\" content=\"de_DE\" \/>\n<meta property=\"og:type\" content=\"article\" \/>\n<meta property=\"og:title\" content=\"Compliance - XAL Group\" \/>\n<meta property=\"og:description\" content=\"Unser Einsatz f\u00fcr Fairness und ethisches Handeln. Erfahren Sie mehr \u00fcber Transparenz, Integrit\u00e4t und Fairness in der XAL Group.\" \/>\n<meta property=\"og:url\" content=\"https:\/\/xalgroup.com\/de\/compliance\/\" \/>\n<meta property=\"og:site_name\" content=\"XAL Group\" \/>\n<meta property=\"article:modified_time\" content=\"2025-11-28T06:43:08+00:00\" \/>\n<meta name=\"twitter:card\" content=\"summary_large_image\" \/>\n<script type=\"application\/ld+json\" class=\"yoast-schema-graph\">{\"@context\":\"https:\/\/schema.org\",\"@graph\":[{\"@type\":\"WebPage\",\"@id\":\"https:\/\/xalgroup.com\/de\/compliance\/\",\"url\":\"https:\/\/xalgroup.com\/de\/compliance\/\",\"name\":\"Compliance - XAL Group\",\"isPartOf\":{\"@id\":\"https:\/\/xalgroup.com\/#website\"},\"datePublished\":\"2024-06-19T06:43:47+00:00\",\"dateModified\":\"2025-11-28T06:43:08+00:00\",\"description\":\"Unser Einsatz f\u00fcr Fairness und ethisches Handeln. Erfahren Sie mehr \u00fcber Transparenz, Integrit\u00e4t und Fairness in der XAL Group.\",\"breadcrumb\":{\"@id\":\"https:\/\/xalgroup.com\/de\/compliance\/#breadcrumb\"},\"inLanguage\":\"de-DE\",\"potentialAction\":[{\"@type\":\"ReadAction\",\"target\":[\"https:\/\/xalgroup.com\/de\/compliance\/\"]}]},{\"@type\":\"BreadcrumbList\",\"@id\":\"https:\/\/xalgroup.com\/de\/compliance\/#breadcrumb\",\"itemListElement\":[{\"@type\":\"ListItem\",\"position\":1,\"name\":\"Startseite\",\"item\":\"https:\/\/xalgroup.com\/de\/\"},{\"@type\":\"ListItem\",\"position\":2,\"name\":\"Compliance\"}]},{\"@type\":\"WebSite\",\"@id\":\"https:\/\/xalgroup.com\/#website\",\"url\":\"https:\/\/xalgroup.com\/\",\"name\":\"XAL Group\",\"description\":\"\",\"potentialAction\":[{\"@type\":\"SearchAction\",\"target\":{\"@type\":\"EntryPoint\",\"urlTemplate\":\"https:\/\/xalgroup.com\/?s={search_term_string}\"},\"query-input\":{\"@type\":\"PropertyValueSpecification\",\"valueRequired\":true,\"valueName\":\"search_term_string\"}}],\"inLanguage\":\"de-DE\"}]}<\/script>\n<!-- \/ Yoast SEO plugin. -->","yoast_head_json":{"title":"Compliance - XAL Group","description":"Unser Einsatz f\u00fcr Fairness und ethisches Handeln. Erfahren Sie mehr \u00fcber Transparenz, Integrit\u00e4t und Fairness in der XAL Group.","robots":{"index":"index","follow":"follow","max-snippet":"max-snippet:-1","max-image-preview":"max-image-preview:large","max-video-preview":"max-video-preview:-1"},"canonical":"https:\/\/xalgroup.com\/de\/compliance\/","og_locale":"de_DE","og_type":"article","og_title":"Compliance - XAL Group","og_description":"Unser Einsatz f\u00fcr Fairness und ethisches Handeln. Erfahren Sie mehr \u00fcber Transparenz, Integrit\u00e4t und Fairness in der XAL Group.","og_url":"https:\/\/xalgroup.com\/de\/compliance\/","og_site_name":"XAL Group","article_modified_time":"2025-11-28T06:43:08+00:00","twitter_card":"summary_large_image","schema":{"@context":"https:\/\/schema.org","@graph":[{"@type":"WebPage","@id":"https:\/\/xalgroup.com\/de\/compliance\/","url":"https:\/\/xalgroup.com\/de\/compliance\/","name":"Compliance - XAL Group","isPartOf":{"@id":"https:\/\/xalgroup.com\/#website"},"datePublished":"2024-06-19T06:43:47+00:00","dateModified":"2025-11-28T06:43:08+00:00","description":"Unser Einsatz f\u00fcr Fairness und ethisches Handeln. Erfahren Sie mehr \u00fcber Transparenz, Integrit\u00e4t und Fairness in der XAL Group.","breadcrumb":{"@id":"https:\/\/xalgroup.com\/de\/compliance\/#breadcrumb"},"inLanguage":"de-DE","potentialAction":[{"@type":"ReadAction","target":["https:\/\/xalgroup.com\/de\/compliance\/"]}]},{"@type":"BreadcrumbList","@id":"https:\/\/xalgroup.com\/de\/compliance\/#breadcrumb","itemListElement":[{"@type":"ListItem","position":1,"name":"Startseite","item":"https:\/\/xalgroup.com\/de\/"},{"@type":"ListItem","position":2,"name":"Compliance"}]},{"@type":"WebSite","@id":"https:\/\/xalgroup.com\/#website","url":"https:\/\/xalgroup.com\/","name":"XAL Group","description":"","potentialAction":[{"@type":"SearchAction","target":{"@type":"EntryPoint","urlTemplate":"https:\/\/xalgroup.com\/?s={search_term_string}"},"query-input":{"@type":"PropertyValueSpecification","valueRequired":true,"valueName":"search_term_string"}}],"inLanguage":"de-DE"}]}},"_links":{"self":[{"href":"https:\/\/xalgroup.com\/de\/wp-json\/wp\/v2\/pages\/1189","targetHints":{"allow":["GET"]}}],"collection":[{"href":"https:\/\/xalgroup.com\/de\/wp-json\/wp\/v2\/pages"}],"about":[{"href":"https:\/\/xalgroup.com\/de\/wp-json\/wp\/v2\/types\/page"}],"author":[{"embeddable":true,"href":"https:\/\/xalgroup.com\/de\/wp-json\/wp\/v2\/users\/2"}],"replies":[{"embeddable":true,"href":"https:\/\/xalgroup.com\/de\/wp-json\/wp\/v2\/comments?post=1189"}],"version-history":[{"count":11,"href":"https:\/\/xalgroup.com\/de\/wp-json\/wp\/v2\/pages\/1189\/revisions"}],"predecessor-version":[{"id":1724,"href":"https:\/\/xalgroup.com\/de\/wp-json\/wp\/v2\/pages\/1189\/revisions\/1724"}],"wp:attachment":[{"href":"https:\/\/xalgroup.com\/de\/wp-json\/wp\/v2\/media?parent=1189"}],"curies":[{"name":"wp","href":"https:\/\/api.w.org\/{rel}","templated":true}]}}